{"id":164,"date":"2021-03-29T07:25:50","date_gmt":"2021-03-29T07:25:50","guid":{"rendered":"http:\/\/voyagevista.ch\/?page_id=164"},"modified":"2023-07-14T14:30:49","modified_gmt":"2023-07-14T14:30:49","slug":"impressum","status":"publish","type":"page","link":"https:\/\/voyagevista.ch\/en\/impressum\/","title":{"rendered":"Impressum"},"content":{"rendered":"<p>IMPRESSUM<\/p>\n<p>BETREIBER Voyage Vista GmbH Hinterbergstrasse 32 6312 Steinhausen Schweiz<\/p>\n<p>E-Mail: info@voyagevista.ch<\/p>\n<p>UID: CHE-[UID-Nummer]<\/p>\n<p>HAFTUNGSAUSSCHLUSS Die Betreiber dieser Website \u00fcbernehmen keinerlei Gew\u00e4hr hinsichtlich der inhaltlichen Richtigkeit, Genauigkeit, Aktualit\u00e4t, Zuverl\u00e4ssigkeit und Vollst\u00e4ndigkeit der Informationen. Haftungsanspr\u00fcche gegen die Betreiber wegen Sch\u00e4den materieller oder immaterieller Art, die aus dem Zugriff oder der Nutzung bzw. Nichtnutzung der ver\u00f6ffentlichten Informationen, durch Missbrauch der Verbindung oder durch technische St\u00f6rungen entstanden sind, werden ausgeschlossen.<\/p>\n<p>Die Betreiber behalten es sich ausdr\u00fccklich vor, Teile der Seiten oder den gesamten Inhalt ohne gesonderte Ank\u00fcndigung zu ver\u00e4ndern, zu erg\u00e4nzen, zu l\u00f6schen oder die Ver\u00f6ffentlichung zeitweise oder endg\u00fcltig einzustellen.<\/p>\n<p>HAFTUNG F\u00dcR LINKS Verweise und Links auf Webseiten Dritter liegen au\u00dferhalb unseres Verantwortungsbereichs. Es wird jegliche Verantwortung f\u00fcr solche Webseiten abgelehnt. Der Zugriff und die Nutzung solcher Webseiten erfolgen auf eigene Gefahr des Nutzers oder der Nutzerin.<\/p>\n<p>URHEBERRECHTE Die Urheber- und alle anderen Rechte an Inhalten, Bildern, Fotos oder anderen Dateien auf der Website geh\u00f6ren ausschlie\u00dflich der Voyage Vista GmbH oder den speziell genannten Rechtsinhabern. F\u00fcr die Reproduktion jeglicher Elemente ist die schriftliche Zustimmung der Urheberrechtstr\u00e4ger im Voraus einzuholen.<\/p>\n<p>Steinhausern, Juli 2023<\/p>","protected":false},"excerpt":{"rendered":"<p>IMPRESSUM BETREIBER Voyage Vista GmbH Hinterbergstrasse 32 6312 Steinhausen Schweiz E-Mail: info@voyagevista.ch UID: CHE-[UID-Nummer] HAFTUNGSAUSSCHLUSS Die Betreiber dieser Website \u00fcbernehmen keinerlei Gew\u00e4hr hinsichtlich der inhaltlichen Richtigkeit, Genauigkeit, Aktualit\u00e4t, Zuverl\u00e4ssigkeit und Vollst\u00e4ndigkeit der Informationen. Haftungsanspr\u00fcche gegen die Betreiber wegen Sch\u00e4den materieller oder immaterieller Art, die aus dem Zugriff oder der Nutzung bzw. Nichtnutzung der ver\u00f6ffentlichten Informationen, [&hellip;]<\/p>","protected":false},"author":1,"featured_media":0,"parent":0,"menu_order":0,"comment_status":"closed","ping_status":"closed","template":"","meta":[],"acf":[],"yoast_head":"<!-- This site is optimized with the Yoast SEO plugin v20.11 - https:\/\/yoast.com\/wordpress\/plugins\/seo\/ -->\n<title>Impressum - VOYAGE VISTA<\/title>\n<meta name=\"robots\" content=\"index, follow, max-snippet:-1, max-image-preview:large, max-video-preview:-1\" \/>\n<link rel=\"canonical\" href=\"https:\/\/voyagevista.ch\/en\/impressum\/\" \/>\n<meta property=\"og:locale\" content=\"en_US\" \/>\n<meta property=\"og:type\" content=\"article\" \/>\n<meta property=\"og:title\" content=\"Impressum - VOYAGE VISTA\" \/>\n<meta property=\"og:description\" content=\"IMPRESSUM BETREIBER Voyage Vista GmbH Hinterbergstrasse 32 6312 Steinhausen Schweiz E-Mail: info@voyagevista.ch UID: CHE-[UID-Nummer] HAFTUNGSAUSSCHLUSS Die Betreiber dieser Website \u00fcbernehmen keinerlei Gew\u00e4hr hinsichtlich der inhaltlichen Richtigkeit, Genauigkeit, Aktualit\u00e4t, Zuverl\u00e4ssigkeit und Vollst\u00e4ndigkeit der Informationen. Haftungsanspr\u00fcche gegen die Betreiber wegen Sch\u00e4den materieller oder immaterieller Art, die aus dem Zugriff oder der Nutzung bzw. Nichtnutzung der ver\u00f6ffentlichten Informationen, [&hellip;]\" \/>\n<meta property=\"og:url\" content=\"https:\/\/voyagevista.ch\/en\/impressum\/\" \/>\n<meta property=\"og:site_name\" content=\"VOYAGE VISTA\" \/>\n<meta property=\"article:modified_time\" content=\"2023-07-14T14:30:49+00:00\" \/>\n<meta name=\"twitter:card\" content=\"summary_large_image\" \/>\n<meta name=\"twitter:label1\" content=\"Est. reading time\" \/>\n\t<meta name=\"twitter:data1\" content=\"1 minute\" \/>\n<script type=\"application\/ld+json\" class=\"yoast-schema-graph\">{\"@context\":\"https:\/\/schema.org\",\"@graph\":[{\"@type\":\"WebPage\",\"@id\":\"https:\/\/voyagevista.ch\/impressum\/\",\"url\":\"https:\/\/voyagevista.ch\/impressum\/\",\"name\":\"Impressum - VOYAGE VISTA\",\"isPartOf\":{\"@id\":\"https:\/\/voyagevista.ch\/de\/#website\"},\"datePublished\":\"2021-03-29T07:25:50+00:00\",\"dateModified\":\"2023-07-14T14:30:49+00:00\",\"breadcrumb\":{\"@id\":\"https:\/\/voyagevista.ch\/impressum\/#breadcrumb\"},\"inLanguage\":\"en-US\",\"potentialAction\":[{\"@type\":\"ReadAction\",\"target\":[\"https:\/\/voyagevista.ch\/impressum\/\"]}]},{\"@type\":\"BreadcrumbList\",\"@id\":\"https:\/\/voyagevista.ch\/impressum\/#breadcrumb\",\"itemListElement\":[{\"@type\":\"ListItem\",\"position\":1,\"name\":\"Home\",\"item\":\"https:\/\/voyagevista.ch\/de\/\"},{\"@type\":\"ListItem\",\"position\":2,\"name\":\"Impressum\"}]},{\"@type\":\"WebSite\",\"@id\":\"https:\/\/voyagevista.ch\/de\/#website\",\"url\":\"https:\/\/voyagevista.ch\/de\/\",\"name\":\"VOYAGE VISTA\",\"description\":\"All about Travel and Hotels\",\"potentialAction\":[{\"@type\":\"SearchAction\",\"target\":{\"@type\":\"EntryPoint\",\"urlTemplate\":\"https:\/\/voyagevista.ch\/de\/?s={search_term_string}\"},\"query-input\":\"required name=search_term_string\"}],\"inLanguage\":\"en-US\"}]}<\/script>\n<!-- \/ Yoast SEO plugin. -->","yoast_head_json":{"title":"Impressum - VOYAGE VISTA","robots":{"index":"index","follow":"follow","max-snippet":"max-snippet:-1","max-image-preview":"max-image-preview:large","max-video-preview":"max-video-preview:-1"},"canonical":"https:\/\/voyagevista.ch\/en\/impressum\/","og_locale":"en_US","og_type":"article","og_title":"Impressum - VOYAGE VISTA","og_description":"IMPRESSUM BETREIBER Voyage Vista GmbH Hinterbergstrasse 32 6312 Steinhausen Schweiz E-Mail: info@voyagevista.ch UID: CHE-[UID-Nummer] HAFTUNGSAUSSCHLUSS Die Betreiber dieser Website \u00fcbernehmen keinerlei Gew\u00e4hr hinsichtlich der inhaltlichen Richtigkeit, Genauigkeit, Aktualit\u00e4t, Zuverl\u00e4ssigkeit und Vollst\u00e4ndigkeit der Informationen. Haftungsanspr\u00fcche gegen die Betreiber wegen Sch\u00e4den materieller oder immaterieller Art, die aus dem Zugriff oder der Nutzung bzw. Nichtnutzung der ver\u00f6ffentlichten Informationen, [&hellip;]","og_url":"https:\/\/voyagevista.ch\/en\/impressum\/","og_site_name":"VOYAGE VISTA","article_modified_time":"2023-07-14T14:30:49+00:00","twitter_card":"summary_large_image","twitter_misc":{"Est. reading time":"1 minute"},"schema":{"@context":"https:\/\/schema.org","@graph":[{"@type":"WebPage","@id":"https:\/\/voyagevista.ch\/impressum\/","url":"https:\/\/voyagevista.ch\/impressum\/","name":"Impressum - VOYAGE VISTA","isPartOf":{"@id":"https:\/\/voyagevista.ch\/de\/#website"},"datePublished":"2021-03-29T07:25:50+00:00","dateModified":"2023-07-14T14:30:49+00:00","breadcrumb":{"@id":"https:\/\/voyagevista.ch\/impressum\/#breadcrumb"},"inLanguage":"en-US","potentialAction":[{"@type":"ReadAction","target":["https:\/\/voyagevista.ch\/impressum\/"]}]},{"@type":"BreadcrumbList","@id":"https:\/\/voyagevista.ch\/impressum\/#breadcrumb","itemListElement":[{"@type":"ListItem","position":1,"name":"Home","item":"https:\/\/voyagevista.ch\/de\/"},{"@type":"ListItem","position":2,"name":"Impressum"}]},{"@type":"WebSite","@id":"https:\/\/voyagevista.ch\/de\/#website","url":"https:\/\/voyagevista.ch\/de\/","name":"VOYAGE VISTA","description":"All about Travel and Hotels","potentialAction":[{"@type":"SearchAction","target":{"@type":"EntryPoint","urlTemplate":"https:\/\/voyagevista.ch\/de\/?s={search_term_string}"},"query-input":"required name=search_term_string"}],"inLanguage":"en-US"}]}},"_links":{"self":[{"href":"https:\/\/voyagevista.ch\/en\/wp-json\/wp\/v2\/pages\/164"}],"collection":[{"href":"https:\/\/voyagevista.ch\/en\/wp-json\/wp\/v2\/pages"}],"about":[{"href":"https:\/\/voyagevista.ch\/en\/wp-json\/wp\/v2\/types\/page"}],"author":[{"embeddable":true,"href":"https:\/\/voyagevista.ch\/en\/wp-json\/wp\/v2\/users\/1"}],"replies":[{"embeddable":true,"href":"https:\/\/voyagevista.ch\/en\/wp-json\/wp\/v2\/comments?post=164"}],"version-history":[{"count":7,"href":"https:\/\/voyagevista.ch\/en\/wp-json\/wp\/v2\/pages\/164\/revisions"}],"predecessor-version":[{"id":234,"href":"https:\/\/voyagevista.ch\/en\/wp-json\/wp\/v2\/pages\/164\/revisions\/234"}],"wp:attachment":[{"href":"https:\/\/voyagevista.ch\/en\/wp-json\/wp\/v2\/media?parent=164"}],"curies":[{"name":"wp","href":"https:\/\/api.w.org\/{rel}","templated":true}]}}